{"id":4327,"date":"2025-10-26T17:24:24","date_gmt":"2025-10-26T17:24:24","guid":{"rendered":"https:\/\/fishingguideinsweden.com\/?page_id=4327"},"modified":"2025-10-28T17:14:57","modified_gmt":"2025-10-28T17:14:57","slug":"forshagaakademin","status":"publish","type":"page","link":"https:\/\/fishingguideinsweden.com\/sv\/utbildningar\/forshagaakademin\/","title":{"rendered":"FORSHAGAAKADEMIN"},"content":{"rendered":"<p><div class=\"fusion-fullwidth fullwidth-box fusion-builder-row-1 fusion-flex-container has-pattern-background has-mask-background svenska nonhundred-percent-fullwidth non-hundred-percent-height-scrolling\" style=\"--awb-border-radius-top-left:0px;--awb-border-radius-top-right:0px;--awb-border-radius-bottom-right:0px;--awb-border-radius-bottom-left:0px;--awb-padding-bottom:0px;--awb-margin-top:85px;--awb-margin-bottom:86px;--awb-margin-top-small:0px;--awb-flex-wrap:nowrap;\" ><div class=\"fusion-builder-row fusion-row fusion-flex-align-items-center fusion-flex-justify-content-center fusion-flex-content-wrap\" style=\"max-width:calc( 1200px + 0px );margin-left: calc(-0px \/ 2 );margin-right: calc(-0px \/ 2 );\"><div class=\"fusion-layout-column fusion_builder_column fusion-builder-column-0 fusion_builder_column_1_1 1_1 fusion-flex-column fusion-flex-align-self-center svenska\" style=\"--awb-padding-top-small:26px;--awb-bg-color:#d7e140;--awb-bg-color-hover:#d7e140;--awb-bg-size:cover;--awb-width-large:100%;--awb-flex-grow:90%;--awb-margin-top-large:170px;--awb-spacing-right-large:calc( 0 * calc( 100% - 0px ) );--awb-margin-bottom-large:30px;--awb-spacing-left-large:calc( 0 * calc( 100% - 0px ) );--awb-width-medium:100%;--awb-spacing-right-medium:0px;--awb-spacing-left-medium:0px;--awb-width-small:100%;--awb-margin-top-small:0px;--awb-spacing-right-small:0px;--awb-spacing-left-small:0px;\"><div class=\"fusion-column-wrapper fusion-column-has-shadow fusion-flex-justify-content-space-between fusion-content-layout-column\"><div class=\"fusion-builder-row fusion-builder-row-inner fusion-row fusion-flex-align-items-center fusion-flex-justify-content-center fusion-flex-content-wrap\" style=\"width:calc( 100% + 0px ) !important;max-width:calc( 100% + 0px ) !important;margin-left: calc(-0px \/ 2 );margin-right: calc(-0px \/ 2 );\"><div class=\"fusion-layout-column fusion_builder_column_inner fusion-builder-nested-column-0 fusion_builder_column_inner_2_3 2_3 fusion-flex-column fusion-flex-align-self-center\" style=\"--awb-padding-left:27.989600000000003px;--awb-bg-color:#d7e140;--awb-bg-color-hover:#d7e140;--awb-bg-size:cover;--awb-width-large:66.666666666667%;--awb-margin-top-large:33px;--awb-spacing-right-large:0px;--awb-margin-bottom-large:0px;--awb-spacing-left-large:0px;--awb-width-medium:100%;--awb-order-medium:0;--awb-spacing-right-medium:0px;--awb-spacing-left-medium:0px;--awb-width-small:100%;--awb-order-small:0;--awb-spacing-right-small:0px;--awb-spacing-left-small:0px;\"><div class=\"fusion-column-wrapper fusion-column-has-shadow fusion-flex-justify-content-center fusion-content-layout-column\"><div class=\"fusion-text fusion-text-1\" style=\"--awb-text-color:var(--awb-color1);--awb-margin-right:5em;\"><h2 style=\"line-height: 0px; font-size: 46px; letter-spacing: 0px; color: #000000;\" data-fusion-font=\"true\">FORSHAGAAKADEMIN &#8211; FORSHAGA<\/h2>\n<p><b style=\"color: #000000;\">SportfiskeAkademin i Forshaga erbjuder utbildningf\u00f6r dig som vill jobba inom den expansiva sportfisken\u00e4ringen.<\/b><\/p>\n<p style=\"color: #000000;\">Skolan erbjuder dels en 3-\u00e5riggymnasieutbildning inom naturbruksprogrammet med riksrekrytering och dels en2-\u00e5rig yrkesh\u00f6gskoleutbildning d\u00e4r 1\/3 av utbildningen genomf\u00f6rs som praktik p\u00e5f\u00f6retag i s\u00e5v\u00e4l Sverige som utomlands. B\u00e5da utbildningarna passar dig som vill arbeta med sportfiske, fiskev\u00e5rd, turism och f\u00f6retagande. Vi har ett n\u00e4rasamarbete med sportfiskebranschen f\u00f6r att erbjuda h\u00f6g kvalit\u00e9 p\u00e5 utbildningen!<\/p>\n<p><b style=\"color: #000000;\">Mer info: <\/b><a style=\"color: #000000;\" href=\"\/sv\/www.forshagaakademin.se\/\">www.forshagaakademin.se<\/a><\/p>\n<\/div><\/div><\/div><div class=\"fusion-layout-column fusion_builder_column_inner fusion-builder-nested-column-1 fusion_builder_column_inner_1_3 1_3 fusion-flex-column fusion-flex-align-self-center\" style=\"--awb-bg-color:#ffffff;--awb-bg-color-hover:#ffffff;--awb-bg-position:center center;--awb-bg-size:cover;--awb-border-color:#ea642f;--awb-border-style:solid;--awb-width-large:33.333333333333%;--awb-margin-top-large:0px;--awb-spacing-right-large:0px;--awb-margin-bottom-large:0px;--awb-spacing-left-large:0px;--awb-width-medium:100%;--awb-order-medium:0;--awb-spacing-right-medium:0px;--awb-spacing-left-medium:0px;--awb-width-small:100%;--awb-order-small:0;--awb-spacing-right-small:0px;--awb-spacing-left-small:0px;\"><div class=\"fusion-column-wrapper fusion-column-has-shadow fusion-flex-justify-content-space-around fusion-content-layout-column\"><div class=\"fusion-image-element\" style=\"--awb-aspect-ratio:1 \/ 1;--awb-object-position:9% 40%;--awb-caption-title-font-family:var(--h2_typography-font-family);--awb-caption-title-font-weight:var(--h2_typography-font-weight);--awb-caption-title-font-style:var(--h2_typography-font-style);--awb-caption-title-size:var(--h2_typography-font-size);--awb-caption-title-transform:var(--h2_typography-text-transform);--awb-caption-title-line-height:var(--h2_typography-line-height);--awb-caption-title-letter-spacing:var(--h2_typography-letter-spacing);\"><span class=\"fusion-imageframe imageframe-none imageframe-1 hover-type-none has-aspect-ratio\"><img decoding=\"async\" width=\"1400\" height=\"933\" title=\"50031ff3-c802-46b8-b100-86604ac7527a\" src=\"https:\/\/fishingguideinsweden.com\/wp-content\/uploads\/2025\/10\/50031ff3-c802-46b8-b100-86604ac7527a.jpg\" data-orig-src=\"https:\/\/fishingguideinsweden.com\/wp-content\/uploads\/2025\/10\/50031ff3-c802-46b8-b100-86604ac7527a.jpg\" class=\"lazyload img-responsive wp-image-4103 img-with-aspect-ratio\" data-parent-fit=\"cover\" data-parent-container=\".fusion-image-element\" alt srcset=\"data:image\/svg+xml,%3Csvg%20xmlns%3D%27http%3A%2F%2Fwww.w3.org%2F2000%2Fsvg%27%20width%3D%271400%27%20height%3D%27933%27%20viewBox%3D%270%200%201400%20933%27%3E%3Crect%20width%3D%271400%27%20height%3D%27933%27%20fill-opacity%3D%220%22%2F%3E%3C%2Fsvg%3E\" data-srcset=\"https:\/\/fishingguideinsweden.com\/wp-content\/uploads\/2025\/10\/50031ff3-c802-46b8-b100-86604ac7527a-200x133.jpg 200w, https:\/\/fishingguideinsweden.com\/wp-content\/uploads\/2025\/10\/50031ff3-c802-46b8-b100-86604ac7527a-400x267.jpg 400w, https:\/\/fishingguideinsweden.com\/wp-content\/uploads\/2025\/10\/50031ff3-c802-46b8-b100-86604ac7527a-600x400.jpg 600w, https:\/\/fishingguideinsweden.com\/wp-content\/uploads\/2025\/10\/50031ff3-c802-46b8-b100-86604ac7527a-800x533.jpg 800w, https:\/\/fishingguideinsweden.com\/wp-content\/uploads\/2025\/10\/50031ff3-c802-46b8-b100-86604ac7527a-1200x800.jpg 1200w, https:\/\/fishingguideinsweden.com\/wp-content\/uploads\/2025\/10\/50031ff3-c802-46b8-b100-86604ac7527a.jpg 1400w\" data-sizes=\"auto\" data-orig-sizes=\"(max-width: 900px) 100vw, (max-width: 640px) 100vw, 600px\" \/><\/span><\/div><\/div><\/div><\/div><\/div><\/div><\/div><\/div><div class=\"fusion-fullwidth fullwidth-box fusion-builder-row-2 fusion-flex-container has-pattern-background has-mask-background engelska nonhundred-percent-fullwidth non-hundred-percent-height-scrolling\" style=\"--awb-border-radius-top-left:0px;--awb-border-radius-top-right:0px;--awb-border-radius-bottom-right:0px;--awb-border-radius-bottom-left:0px;--awb-padding-bottom:0px;--awb-margin-top:170px;--awb-margin-bottom:86px;--awb-margin-top-small:0px;--awb-flex-wrap:nowrap;\" ><div class=\"fusion-builder-row fusion-row fusion-flex-align-items-center fusion-flex-justify-content-center fusion-flex-content-wrap\" style=\"max-width:calc( 1200px + 0px );margin-left: calc(-0px \/ 2 );margin-right: calc(-0px \/ 2 );\"><div class=\"fusion-layout-column fusion_builder_column fusion-builder-column-1 fusion_builder_column_1_1 1_1 fusion-flex-column fusion-flex-align-self-center engelska\" style=\"--awb-bg-color:#d7e140;--awb-bg-color-hover:#d7e140;--awb-bg-size:cover;--awb-width-large:100%;--awb-flex-grow:90%;--awb-margin-top-large:30px;--awb-spacing-right-large:calc( 0 * calc( 100% - 0px ) );--awb-margin-bottom-large:30px;--awb-spacing-left-large:calc( 0 * calc( 100% - 0px ) );--awb-width-medium:100%;--awb-spacing-right-medium:0px;--awb-spacing-left-medium:0px;--awb-width-small:100%;--awb-margin-top-small:0px;--awb-spacing-right-small:0px;--awb-spacing-left-small:0px;\"><div class=\"fusion-column-wrapper fusion-column-has-shadow fusion-flex-justify-content-space-between fusion-content-layout-column\"><div class=\"fusion-builder-row fusion-builder-row-inner fusion-row fusion-flex-align-items-center fusion-flex-justify-content-center fusion-flex-content-wrap\" style=\"width:calc( 100% + 0px ) !important;max-width:calc( 100% + 0px ) !important;margin-left: calc(-0px \/ 2 );margin-right: calc(-0px \/ 2 );\"><div class=\"fusion-layout-column fusion_builder_column_inner fusion-builder-nested-column-2 fusion_builder_column_inner_2_3 2_3 fusion-flex-column fusion-flex-align-self-center\" style=\"--awb-padding-top:57.989599999999996px;--awb-padding-left:27.989600000000003px;--awb-bg-color:#d7e140;--awb-bg-color-hover:#d7e140;--awb-bg-size:cover;--awb-width-large:66.666666666667%;--awb-margin-top-large:0px;--awb-spacing-right-large:0px;--awb-margin-bottom-large:0px;--awb-spacing-left-large:0px;--awb-width-medium:100%;--awb-order-medium:0;--awb-spacing-right-medium:0px;--awb-spacing-left-medium:0px;--awb-width-small:100%;--awb-order-small:0;--awb-spacing-right-small:0px;--awb-spacing-left-small:0px;\"><div class=\"fusion-column-wrapper fusion-column-has-shadow fusion-flex-justify-content-center fusion-content-layout-column\"><div class=\"fusion-text fusion-text-2\" style=\"--awb-text-color:var(--awb-color1);--awb-margin-right:5em;\"><h2 style=\"line-height: 0px; font-size: 46px; letter-spacing: 0px; color: #000000;\" data-fusion-font=\"true\">FORSHAGAAKADEMIN &#8211; FORSHAGA<\/h2>\n<p><b style=\"color: #000000;\">The Sport Fishing Academy in Forshaga offers education for those who want to work in the growing sport fishing industry.<\/b><\/p>\n<p style=\"color: #000000;\">The school offers a three-year upper secondary education within the Nature Management program with national intake, and a two-year higher vocational education where one third of the training is carried out as an internship at companies both in Sweden and abroad. Both programs suit those who want to work with sport fishing, fisheries conservation, tourism and entrepreneurship. We work closely with the sport fishing industry to provide high-quality education!<\/p>\n<p><b style=\"color: #000000;\">More info: <\/b><a style=\"color: #000000;\" href=\"\/sv\/www.forshagaakademin.se\/\">www.forshagaakademin.se<\/a><\/p>\n<\/div><\/div><\/div><div class=\"fusion-layout-column fusion_builder_column_inner fusion-builder-nested-column-3 fusion_builder_column_inner_1_3 1_3 fusion-flex-column fusion-flex-align-self-center\" style=\"--awb-bg-color:#ffffff;--awb-bg-color-hover:#ffffff;--awb-bg-position:center center;--awb-bg-size:cover;--awb-border-color:#ea642f;--awb-border-style:solid;--awb-width-large:33.333333333333%;--awb-margin-top-large:0px;--awb-spacing-right-large:0px;--awb-margin-bottom-large:0px;--awb-spacing-left-large:0px;--awb-width-medium:100%;--awb-order-medium:0;--awb-spacing-right-medium:0px;--awb-spacing-left-medium:0px;--awb-width-small:100%;--awb-order-small:0;--awb-spacing-right-small:0px;--awb-spacing-left-small:0px;\"><div class=\"fusion-column-wrapper fusion-column-has-shadow fusion-flex-justify-content-space-around fusion-content-layout-column\"><div class=\"fusion-image-element\" style=\"--awb-aspect-ratio:1 \/ 1;--awb-object-position:9% 40%;--awb-caption-title-font-family:var(--h2_typography-font-family);--awb-caption-title-font-weight:var(--h2_typography-font-weight);--awb-caption-title-font-style:var(--h2_typography-font-style);--awb-caption-title-size:var(--h2_typography-font-size);--awb-caption-title-transform:var(--h2_typography-text-transform);--awb-caption-title-line-height:var(--h2_typography-line-height);--awb-caption-title-letter-spacing:var(--h2_typography-letter-spacing);\"><span class=\"fusion-imageframe imageframe-none imageframe-2 hover-type-none has-aspect-ratio\"><img decoding=\"async\" width=\"1400\" height=\"933\" title=\"50031ff3-c802-46b8-b100-86604ac7527a\" src=\"https:\/\/fishingguideinsweden.com\/wp-content\/uploads\/2025\/10\/50031ff3-c802-46b8-b100-86604ac7527a.jpg\" data-orig-src=\"https:\/\/fishingguideinsweden.com\/wp-content\/uploads\/2025\/10\/50031ff3-c802-46b8-b100-86604ac7527a.jpg\" class=\"lazyload img-responsive wp-image-4103 img-with-aspect-ratio\" data-parent-fit=\"cover\" data-parent-container=\".fusion-image-element\" alt srcset=\"data:image\/svg+xml,%3Csvg%20xmlns%3D%27http%3A%2F%2Fwww.w3.org%2F2000%2Fsvg%27%20width%3D%271400%27%20height%3D%27933%27%20viewBox%3D%270%200%201400%20933%27%3E%3Crect%20width%3D%271400%27%20height%3D%27933%27%20fill-opacity%3D%220%22%2F%3E%3C%2Fsvg%3E\" data-srcset=\"https:\/\/fishingguideinsweden.com\/wp-content\/uploads\/2025\/10\/50031ff3-c802-46b8-b100-86604ac7527a-200x133.jpg 200w, https:\/\/fishingguideinsweden.com\/wp-content\/uploads\/2025\/10\/50031ff3-c802-46b8-b100-86604ac7527a-400x267.jpg 400w, https:\/\/fishingguideinsweden.com\/wp-content\/uploads\/2025\/10\/50031ff3-c802-46b8-b100-86604ac7527a-600x400.jpg 600w, https:\/\/fishingguideinsweden.com\/wp-content\/uploads\/2025\/10\/50031ff3-c802-46b8-b100-86604ac7527a-800x533.jpg 800w, https:\/\/fishingguideinsweden.com\/wp-content\/uploads\/2025\/10\/50031ff3-c802-46b8-b100-86604ac7527a-1200x800.jpg 1200w, https:\/\/fishingguideinsweden.com\/wp-content\/uploads\/2025\/10\/50031ff3-c802-46b8-b100-86604ac7527a.jpg 1400w\" data-sizes=\"auto\" data-orig-sizes=\"(max-width: 900px) 100vw, (max-width: 640px) 100vw, 600px\" \/><\/span><\/div><\/div><\/div><\/div><\/div><\/div><\/div><\/div><\/p>","protected":false},"excerpt":{"rendered":"","protected":false},"author":1,"featured_media":0,"parent":4099,"menu_order":0,"comment_status":"closed","ping_status":"closed","template":"","meta":{"_acf_changed":false,"footnotes":""},"post_tag_en":[],"class_list":["post-4327","page","type-page","status-publish","hentry"],"acf":[],"_links":{"self":[{"href":"https:\/\/fishingguideinsweden.com\/sv\/wp-json\/wp\/v2\/pages\/4327","targetHints":{"allow":["GET"]}}],"collection":[{"href":"https:\/\/fishingguideinsweden.com\/sv\/wp-json\/wp\/v2\/pages"}],"about":[{"href":"https:\/\/fishingguideinsweden.com\/sv\/wp-json\/wp\/v2\/types\/page"}],"author":[{"embeddable":true,"href":"https:\/\/fishingguideinsweden.com\/sv\/wp-json\/wp\/v2\/users\/1"}],"replies":[{"embeddable":true,"href":"https:\/\/fishingguideinsweden.com\/sv\/wp-json\/wp\/v2\/comments?post=4327"}],"version-history":[{"count":0,"href":"https:\/\/fishingguideinsweden.com\/sv\/wp-json\/wp\/v2\/pages\/4327\/revisions"}],"up":[{"embeddable":true,"href":"https:\/\/fishingguideinsweden.com\/sv\/wp-json\/wp\/v2\/pages\/4099"}],"wp:attachment":[{"href":"https:\/\/fishingguideinsweden.com\/sv\/wp-json\/wp\/v2\/media?parent=4327"}],"wp:term":[{"taxonomy":"post_tag_en","embeddable":true,"href":"https:\/\/fishingguideinsweden.com\/sv\/wp-json\/wp\/v2\/post_tag_en?post=4327"}],"curies":[{"name":"wp","href":"https:\/\/api.w.org\/{rel}","templated":true}]}}