{"id":4326,"date":"2025-10-26T17:24:24","date_gmt":"2025-10-26T17:24:24","guid":{"rendered":"https:\/\/fishingguideinsweden.com\/?page_id=4326"},"modified":"2025-10-28T17:14:23","modified_gmt":"2025-10-28T17:14:23","slug":"kiruna-fishing-school","status":"publish","type":"page","link":"https:\/\/fishingguideinsweden.com\/sv\/utbildningar\/kiruna-fishing-school\/","title":{"rendered":"KIRUNA FISHING SCHOOL"},"content":{"rendered":"<p><div class=\"fusion-fullwidth fullwidth-box fusion-builder-row-1 fusion-flex-container has-pattern-background has-mask-background svenska nonhundred-percent-fullwidth non-hundred-percent-height-scrolling\" style=\"--awb-border-radius-top-left:0px;--awb-border-radius-top-right:0px;--awb-border-radius-bottom-right:0px;--awb-border-radius-bottom-left:0px;--awb-padding-bottom:0px;--awb-margin-top:169px;--awb-margin-bottom:86px;--awb-margin-top-small:0px;--awb-background-color:var(--awb-color1);--awb-flex-wrap:nowrap;\" ><div class=\"fusion-builder-row fusion-row fusion-flex-align-items-center fusion-flex-justify-content-center fusion-flex-content-wrap\" style=\"max-width:calc( 1200px + 0px );margin-left: calc(-0px \/ 2 );margin-right: calc(-0px \/ 2 );\"><div class=\"fusion-layout-column fusion_builder_column fusion-builder-column-0 fusion_builder_column_1_1 1_1 fusion-flex-column fusion-flex-align-self-center\" style=\"--awb-padding-top-small:36px;--awb-bg-color:#ea642f;--awb-bg-color-hover:#ea642f;--awb-bg-size:cover;--awb-width-large:100%;--awb-flex-grow:90%;--awb-margin-top-large:30px;--awb-spacing-right-large:calc( 0 * calc( 100% - 0px ) );--awb-margin-bottom-large:30px;--awb-spacing-left-large:calc( 0 * calc( 100% - 0px ) );--awb-width-medium:100%;--awb-spacing-right-medium:0px;--awb-spacing-left-medium:0px;--awb-width-small:100%;--awb-margin-top-small:0px;--awb-spacing-right-small:0px;--awb-spacing-left-small:0px;\"><div class=\"fusion-column-wrapper fusion-column-has-shadow fusion-flex-justify-content-center fusion-content-layout-column\"><div class=\"fusion-builder-row fusion-builder-row-inner fusion-row fusion-flex-align-items-center fusion-flex-justify-content-center fusion-flex-content-wrap\" style=\"width:calc( 100% + 0px ) !important;max-width:calc( 100% + 0px ) !important;margin-left: calc(-0px \/ 2 );margin-right: calc(-0px \/ 2 );\"><div class=\"fusion-layout-column fusion_builder_column_inner fusion-builder-nested-column-0 fusion_builder_column_inner_2_3 2_3 fusion-flex-column fusion-flex-align-self-center\" style=\"--awb-padding-left:56px;--awb-bg-size:cover;--awb-width-large:66.666666666667%;--awb-margin-top-large:20px;--awb-spacing-right-large:0px;--awb-margin-bottom-large:0px;--awb-spacing-left-large:0px;--awb-width-medium:100%;--awb-order-medium:0;--awb-spacing-right-medium:0px;--awb-spacing-left-medium:0px;--awb-width-small:100%;--awb-order-small:0;--awb-spacing-right-small:0px;--awb-spacing-left-small:0px;\"><div class=\"fusion-column-wrapper fusion-column-has-shadow fusion-flex-justify-content-center fusion-content-layout-column\"><div class=\"fusion-text fusion-text-1\" style=\"--awb-text-color:var(--awb-color1);--awb-margin-right:5em;\"><h2 style=\"color: var(--awb-color1); line-height: 0; font-size: 46px; letter-spacing: 0px; --fontSize: 46;\" data-fusion-font=\"true\" data-fontsize=\"46\" data-lineheight=\"0px\" class=\"fusion-responsive-typography-calculated\">KIRUNA FISHING SCHOOL &#8211; KIRUNA<\/h2>\n<p><b>Skolan ligger i midnattssolens land \u2013 Kiruna.<\/b><\/p>\n<p>L\u00e5ngt uppe i norra Sverige. I n\u00e4rheten finns \u00f6ver sex tusen sj\u00f6ar med g\u00e4dda, abborre, \u00f6ring, harr, r\u00f6ding och andra popul\u00e4ra sportfiskar. H\u00e4r rinner ocks\u00e5 sju fria \u00e4lvar med stora laxar och sv\u00e5rf\u00e5ngade \u00f6ringar som bjuder p\u00e5 verkliga utmaningar.<\/p>\n<p>Om du \u00e4lskar fiske men \u00e4nd\u00e5 vill ha n\u00e4ra till en stad med restauranger och trevliga m\u00e4nniskor, d\u00e5 \u00e4r Kiruna platsen f\u00f6r dig! H\u00e4r b\u00f6rjar ett nytt kapitel i ditt liv \u2013 snart \u00e4r du en professionell fiskeguide med hela v\u00e4rlden som ditt arbetsf\u00e4lt!<\/p>\n<p>Mer info: <a href=\"https:\/\/kirunafishingschool.com\/\">www.kirunafishingschool.com<\/a><\/p>\n<\/div><\/div><\/div><div class=\"fusion-layout-column fusion_builder_column_inner fusion-builder-nested-column-1 fusion_builder_column_inner_1_3 1_3 fusion-flex-column fusion-flex-align-self-center\" style=\"--awb-padding-top-small:36px;--awb-bg-color:#ffffff;--awb-bg-color-hover:#ffffff;--awb-bg-position:center center;--awb-bg-size:cover;--awb-border-color:#ea642f;--awb-border-style:solid;--awb-width-large:33.333333333333%;--awb-margin-top-large:0px;--awb-spacing-right-large:0px;--awb-margin-bottom-large:0px;--awb-spacing-left-large:0px;--awb-width-medium:100%;--awb-order-medium:0;--awb-spacing-right-medium:0px;--awb-spacing-left-medium:0px;--awb-width-small:100%;--awb-order-small:0;--awb-margin-top-small:0px;--awb-spacing-right-small:0px;--awb-spacing-left-small:0px;\"><div class=\"fusion-column-wrapper fusion-column-has-shadow fusion-flex-justify-content-center fusion-content-layout-column\"><div class=\"fusion-image-element\" style=\"text-align:center;--awb-margin-top:0px;--awb-margin-bottom:0px;--awb-max-width:250px;--awb-caption-title-font-family:var(--h2_typography-font-family);--awb-caption-title-font-weight:var(--h2_typography-font-weight);--awb-caption-title-font-style:var(--h2_typography-font-style);--awb-caption-title-size:var(--h2_typography-font-size);--awb-caption-title-transform:var(--h2_typography-text-transform);--awb-caption-title-line-height:var(--h2_typography-line-height);--awb-caption-title-letter-spacing:var(--h2_typography-letter-spacing);\"><span class=\"fusion-imageframe imageframe-none imageframe-1 hover-type-none\"><img decoding=\"async\" width=\"400\" height=\"708\" title=\"KFS_Logotyp_WEB-pz1wa6q7abc8pat9gcs8ij8dafvmg5gq583qaebag8\" src=\"https:\/\/fishingguideinsweden.com\/wp-content\/uploads\/2025\/10\/KFS_Logotyp_WEB-pz1wa6q7abc8pat9gcs8ij8dafvmg5gq583qaebag8.jpg\" data-orig-src=\"https:\/\/fishingguideinsweden.com\/wp-content\/uploads\/2025\/10\/KFS_Logotyp_WEB-pz1wa6q7abc8pat9gcs8ij8dafvmg5gq583qaebag8.jpg\" alt class=\"lazyload img-responsive wp-image-4100\" srcset=\"data:image\/svg+xml,%3Csvg%20xmlns%3D%27http%3A%2F%2Fwww.w3.org%2F2000%2Fsvg%27%20width%3D%27400%27%20height%3D%27708%27%20viewBox%3D%270%200%20400%20708%27%3E%3Crect%20width%3D%27400%27%20height%3D%27708%27%20fill-opacity%3D%220%22%2F%3E%3C%2Fsvg%3E\" data-srcset=\"https:\/\/fishingguideinsweden.com\/wp-content\/uploads\/2025\/10\/KFS_Logotyp_WEB-pz1wa6q7abc8pat9gcs8ij8dafvmg5gq583qaebag8-200x354.jpg 200w, https:\/\/fishingguideinsweden.com\/wp-content\/uploads\/2025\/10\/KFS_Logotyp_WEB-pz1wa6q7abc8pat9gcs8ij8dafvmg5gq583qaebag8.jpg 400w\" data-sizes=\"auto\" data-orig-sizes=\"(max-width: 900px) 100vw, (max-width: 640px) 100vw, 400px\" \/><\/span><\/div><\/div><\/div><\/div><\/div><\/div><\/div><\/div><div class=\"fusion-fullwidth fullwidth-box fusion-builder-row-2 fusion-flex-container has-pattern-background has-mask-background engelska nonhundred-percent-fullwidth non-hundred-percent-height-scrolling\" style=\"--awb-border-radius-top-left:0px;--awb-border-radius-top-right:0px;--awb-border-radius-bottom-right:0px;--awb-border-radius-bottom-left:0px;--awb-padding-bottom:0px;--awb-margin-top:170.993px;--awb-margin-bottom:86px;--awb-margin-top-small:0px;--awb-background-color:var(--awb-color1);--awb-flex-wrap:nowrap;\" ><div class=\"fusion-builder-row fusion-row fusion-flex-align-items-center fusion-flex-justify-content-center fusion-flex-content-wrap\" style=\"max-width:calc( 1200px + 0px );margin-left: calc(-0px \/ 2 );margin-right: calc(-0px \/ 2 );\"><div class=\"fusion-layout-column fusion_builder_column fusion-builder-column-1 fusion_builder_column_1_1 1_1 fusion-flex-column fusion-flex-align-self-center\" style=\"--awb-padding-top-small:39px;--awb-bg-color:#ea642f;--awb-bg-color-hover:#ea642f;--awb-bg-size:cover;--awb-width-large:100%;--awb-flex-grow:90%;--awb-margin-top-large:30px;--awb-spacing-right-large:calc( 0 * calc( 100% - 0px ) );--awb-margin-bottom-large:30px;--awb-spacing-left-large:calc( 0 * calc( 100% - 0px ) );--awb-width-medium:100%;--awb-spacing-right-medium:0px;--awb-spacing-left-medium:0px;--awb-width-small:100%;--awb-margin-top-small:0px;--awb-spacing-right-small:0px;--awb-spacing-left-small:0px;\"><div class=\"fusion-column-wrapper fusion-column-has-shadow fusion-flex-justify-content-center fusion-content-layout-column\"><div class=\"fusion-builder-row fusion-builder-row-inner fusion-row fusion-flex-align-items-center fusion-flex-justify-content-center fusion-flex-content-wrap\" style=\"width:calc( 100% + 0px ) !important;max-width:calc( 100% + 0px ) !important;margin-left: calc(-0px \/ 2 );margin-right: calc(-0px \/ 2 );\"><div class=\"fusion-layout-column fusion_builder_column_inner fusion-builder-nested-column-2 fusion_builder_column_inner_2_3 2_3 fusion-flex-column fusion-flex-align-self-center\" style=\"--awb-padding-left:56px;--awb-bg-size:cover;--awb-width-large:66.666666666667%;--awb-margin-top-large:20px;--awb-spacing-right-large:0px;--awb-margin-bottom-large:0px;--awb-spacing-left-large:0px;--awb-width-medium:100%;--awb-order-medium:0;--awb-spacing-right-medium:0px;--awb-spacing-left-medium:0px;--awb-width-small:100%;--awb-order-small:0;--awb-spacing-right-small:0px;--awb-spacing-left-small:0px;\"><div class=\"fusion-column-wrapper fusion-column-has-shadow fusion-flex-justify-content-center fusion-content-layout-column\"><div class=\"fusion-text fusion-text-2\" style=\"--awb-text-color:var(--awb-color1);--awb-margin-right:5em;\"><h2 style=\"color: var(--awb-color1); line-height: 0px; font-size: 46px; letter-spacing: 0px;\" data-fusion-font=\"true\">KIRUNA FISHING SCHOOL &#8211; KIRUNA<\/h2>\n<p><b>The school is located in the land of the midnight sun \u2013 Kiruna.<\/b><\/p>\n<p>Far up in northern Sweden. Nearby there are more than six thousand lakes with pike, perch, trout, grayling, char and other popular sport fish. Seven free-flowing rivers also run here, with large salmon and elusive trout that offer real challenges.<\/p>\n<p>If you love fishing but still want to be close to a town with restaurants and friendly people, then Kiruna is the place for you! Here a new chapter in your life begins \u2013 soon you will be a professional fishing guide with the whole world as your workplace!<\/p>\n<p>More info: Contact and information: <a href=\"https:\/\/kirunafishingschool.com\/\">www.kirunafishingschool.com<\/a><\/p>\n<\/div><\/div><\/div><div class=\"fusion-layout-column fusion_builder_column_inner fusion-builder-nested-column-3 fusion_builder_column_inner_1_3 1_3 fusion-flex-column fusion-flex-align-self-center\" style=\"--awb-bg-color:#ffffff;--awb-bg-color-hover:#ffffff;--awb-bg-position:center center;--awb-bg-size:cover;--awb-border-color:#ea642f;--awb-border-style:solid;--awb-width-large:33.333333333333%;--awb-margin-top-large:0px;--awb-spacing-right-large:0px;--awb-margin-bottom-large:0px;--awb-spacing-left-large:0px;--awb-width-medium:100%;--awb-order-medium:0;--awb-spacing-right-medium:0px;--awb-spacing-left-medium:0px;--awb-width-small:100%;--awb-order-small:0;--awb-spacing-right-small:0px;--awb-spacing-left-small:0px;\"><div class=\"fusion-column-wrapper fusion-column-has-shadow fusion-flex-justify-content-center fusion-content-layout-column\"><div class=\"fusion-image-element\" style=\"text-align:center;--awb-margin-top:0px;--awb-margin-bottom:0px;--awb-max-width:250px;--awb-caption-title-font-family:var(--h2_typography-font-family);--awb-caption-title-font-weight:var(--h2_typography-font-weight);--awb-caption-title-font-style:var(--h2_typography-font-style);--awb-caption-title-size:var(--h2_typography-font-size);--awb-caption-title-transform:var(--h2_typography-text-transform);--awb-caption-title-line-height:var(--h2_typography-line-height);--awb-caption-title-letter-spacing:var(--h2_typography-letter-spacing);\"><span class=\"fusion-imageframe imageframe-none imageframe-2 hover-type-none\"><img decoding=\"async\" width=\"400\" height=\"708\" title=\"KFS_Logotyp_WEB-pz1wa6q7abc8pat9gcs8ij8dafvmg5gq583qaebag8\" src=\"https:\/\/fishingguideinsweden.com\/wp-content\/uploads\/2025\/10\/KFS_Logotyp_WEB-pz1wa6q7abc8pat9gcs8ij8dafvmg5gq583qaebag8.jpg\" data-orig-src=\"https:\/\/fishingguideinsweden.com\/wp-content\/uploads\/2025\/10\/KFS_Logotyp_WEB-pz1wa6q7abc8pat9gcs8ij8dafvmg5gq583qaebag8.jpg\" alt class=\"lazyload img-responsive wp-image-4100\" srcset=\"data:image\/svg+xml,%3Csvg%20xmlns%3D%27http%3A%2F%2Fwww.w3.org%2F2000%2Fsvg%27%20width%3D%27400%27%20height%3D%27708%27%20viewBox%3D%270%200%20400%20708%27%3E%3Crect%20width%3D%27400%27%20height%3D%27708%27%20fill-opacity%3D%220%22%2F%3E%3C%2Fsvg%3E\" data-srcset=\"https:\/\/fishingguideinsweden.com\/wp-content\/uploads\/2025\/10\/KFS_Logotyp_WEB-pz1wa6q7abc8pat9gcs8ij8dafvmg5gq583qaebag8-200x354.jpg 200w, https:\/\/fishingguideinsweden.com\/wp-content\/uploads\/2025\/10\/KFS_Logotyp_WEB-pz1wa6q7abc8pat9gcs8ij8dafvmg5gq583qaebag8.jpg 400w\" data-sizes=\"auto\" data-orig-sizes=\"(max-width: 900px) 100vw, (max-width: 640px) 100vw, 400px\" \/><\/span><\/div><\/div><\/div><\/div><\/div><\/div><\/div><\/div><\/p>","protected":false},"excerpt":{"rendered":"","protected":false},"author":1,"featured_media":0,"parent":4099,"menu_order":0,"comment_status":"closed","ping_status":"closed","template":"","meta":{"_acf_changed":false,"footnotes":""},"post_tag_en":[],"class_list":["post-4326","page","type-page","status-publish","hentry"],"acf":[],"_links":{"self":[{"href":"https:\/\/fishingguideinsweden.com\/sv\/wp-json\/wp\/v2\/pages\/4326","targetHints":{"allow":["GET"]}}],"collection":[{"href":"https:\/\/fishingguideinsweden.com\/sv\/wp-json\/wp\/v2\/pages"}],"about":[{"href":"https:\/\/fishingguideinsweden.com\/sv\/wp-json\/wp\/v2\/types\/page"}],"author":[{"embeddable":true,"href":"https:\/\/fishingguideinsweden.com\/sv\/wp-json\/wp\/v2\/users\/1"}],"replies":[{"embeddable":true,"href":"https:\/\/fishingguideinsweden.com\/sv\/wp-json\/wp\/v2\/comments?post=4326"}],"version-history":[{"count":0,"href":"https:\/\/fishingguideinsweden.com\/sv\/wp-json\/wp\/v2\/pages\/4326\/revisions"}],"up":[{"embeddable":true,"href":"https:\/\/fishingguideinsweden.com\/sv\/wp-json\/wp\/v2\/pages\/4099"}],"wp:attachment":[{"href":"https:\/\/fishingguideinsweden.com\/sv\/wp-json\/wp\/v2\/media?parent=4326"}],"wp:term":[{"taxonomy":"post_tag_en","embeddable":true,"href":"https:\/\/fishingguideinsweden.com\/sv\/wp-json\/wp\/v2\/post_tag_en?post=4326"}],"curies":[{"name":"wp","href":"https:\/\/api.w.org\/{rel}","templated":true}]}}