{"id":4136,"date":"2025-10-18T11:33:53","date_gmt":"2025-10-18T11:33:53","guid":{"rendered":"https:\/\/fishingguideinsweden.com\/?page_id=4136"},"modified":"2025-10-28T12:35:57","modified_gmt":"2025-10-28T12:35:57","slug":"kontakt","status":"publish","type":"page","link":"https:\/\/fishingguideinsweden.com\/sv\/kontakt\/","title":{"rendered":"Kontakt"},"content":{"rendered":"<p><div class=\"fusion-fullwidth fullwidth-box fusion-builder-row-1 fusion-flex-container has-pattern-background has-mask-background svenska nonhundred-percent-fullwidth non-hundred-percent-height-scrolling\" style=\"--awb-border-radius-top-left:0px;--awb-border-radius-top-right:0px;--awb-border-radius-bottom-right:0px;--awb-border-radius-bottom-left:0px;--awb-padding-top:170px;--awb-padding-top-small:0px;--awb-flex-wrap:wrap;\" ><div class=\"fusion-builder-row fusion-row fusion-flex-align-items-flex-start fusion-flex-content-wrap\" style=\"max-width:1248px;margin-left: calc(-4% \/ 2 );margin-right: calc(-4% \/ 2 );\"><div class=\"fusion-layout-column fusion_builder_column fusion-builder-column-0 fusion_builder_column_1_2 1_2 fusion-flex-column\" style=\"--awb-bg-size:cover;--awb-width-large:50%;--awb-margin-top-large:20px;--awb-spacing-right-large:3.84%;--awb-margin-bottom-large:20px;--awb-spacing-left-large:3.84%;--awb-width-medium:100%;--awb-order-medium:0;--awb-spacing-right-medium:1.92%;--awb-spacing-left-medium:1.92%;--awb-width-small:100%;--awb-order-small:0;--awb-spacing-right-small:1.92%;--awb-margin-bottom-small:0px;--awb-spacing-left-small:1.92%;\"><div class=\"fusion-column-wrapper fusion-column-has-shadow fusion-flex-justify-content-flex-start fusion-content-layout-column\"><div class=\"fusion-text fusion-text-1\" style=\"--awb-text-color:var(--awb-color1);--awb-margin-right:5em;\"><h2 class=\"\" style=\"line-height: 0; font-size: 46px; letter-spacing: 0px; --fontsize: 46; color: var(--awb-custom_color_1);\" data-fusion-font=\"true\" data-fontsize=\"46\" data-lineheight=\"0px\">Kontakt<\/h2>\n<p style=\"color: var(--awb-custom_color_1);\">Man kan ta kontakt med oss under alla dagar p\u00e5 \u00e5ret med mejl eller genom formul\u00e4ret till h\u00f6ger.<\/p>\n<\/div><div class=\"fusion-text fusion-text-2\"><p><b><a style=\"color: var(--awb-custom_color_1);\" href=\"mailto:fishingguideinsweden@gmail.com\">fishingguideinsweden@gmail.com<\/a><\/b><\/p>\n<p><b><span style=\"color: var(--awb-custom_color_1);\">Fishingguide In Sweden<\/span><br \/>\n<\/b><span style=\"color: var(--awb-custom_color_1);\">Muoniovaara 20<\/span><br \/>\n<span style=\"color: var(--awb-custom_color_1);\">984 95 Muodoslompolo<\/span><br \/>\n<span style=\"color: var(--awb-custom_color_1);\">Sverige<\/span><\/p>\n<\/div><\/div><\/div><div class=\"fusion-layout-column fusion_builder_column fusion-builder-column-1 fusion_builder_column_1_2 1_2 fusion-flex-column\" style=\"--awb-bg-size:cover;--awb-width-large:50%;--awb-margin-top-large:20px;--awb-spacing-right-large:3.84%;--awb-margin-bottom-large:20px;--awb-spacing-left-large:3.84%;--awb-width-medium:100%;--awb-order-medium:0;--awb-spacing-right-medium:1.92%;--awb-spacing-left-medium:1.92%;--awb-width-small:100%;--awb-order-small:0;--awb-margin-top-small:0px;--awb-spacing-right-small:1.92%;--awb-spacing-left-small:1.92%;\"><div class=\"fusion-column-wrapper fusion-column-has-shadow fusion-flex-justify-content-flex-start fusion-content-layout-column\"><div class=\"fusion-form fusion-form-builder fusion-form-form-wrapper fusion-form-3591\" style=\"--awb-margin-top:0px;--awb-tooltip-text-color:#ffffff;--awb-tooltip-background-color:#333333;\" data-form-id=\"3591\" data-config=\"{&quot;form_id&quot;:&quot;3591&quot;,&quot;form_post_id&quot;:&quot;3591&quot;,&quot;post_id&quot;:4136,&quot;form_type&quot;:&quot;ajax&quot;,&quot;confirmation_type&quot;:&quot;message&quot;,&quot;redirect_url&quot;:&quot;&quot;,&quot;field_labels&quot;:{&quot;Namn&quot;:&quot;Namn&quot;,&quot;E-mail&quot;:&quot;E-mail&quot;,&quot;Telefonnummer&quot;:&quot;Telefonnummer&quot;,&quot;ovrigt&quot;:&quot;Meddelande&quot;},&quot;field_logics&quot;:{&quot;Namn&quot;:&quot;&quot;,&quot;E-mail&quot;:&quot;&quot;,&quot;Telefonnummer&quot;:&quot;&quot;,&quot;ovrigt&quot;:&quot;&quot;},&quot;field_types&quot;:{&quot;Namn&quot;:&quot;text&quot;,&quot;E-mail&quot;:&quot;text&quot;,&quot;Telefonnummer&quot;:&quot;text&quot;,&quot;ovrigt&quot;:&quot;textarea&quot;,&quot;submit_1&quot;:&quot;submit&quot;},&quot;nonce_method&quot;:&quot;ajax&quot;}\"><form action=\"https:\/\/fishingguideinsweden.com\/sv\/kontakt\/\" method=\"post\" class=\"fusion-form fusion-form-3591\" data-trp-original-action=\"https:\/\/fishingguideinsweden.com\/sv\/kontakt\/\"><div class=\"fusion-fullwidth fullwidth-box fusion-builder-row-1-1 fusion-flex-container has-pattern-background has-mask-background nonhundred-percent-fullwidth non-hundred-percent-height-scrolling\" style=\"--awb-border-radius-top-left:0px;--awb-border-radius-top-right:0px;--awb-border-radius-bottom-right:0px;--awb-border-radius-bottom-left:0px;--awb-flex-wrap:wrap;\" ><div class=\"fusion-builder-row fusion-row fusion-flex-align-items-flex-start fusion-flex-content-wrap\" style=\"width:104% !important;max-width:104% !important;margin-left: calc(-4% \/ 2 );margin-right: calc(-4% \/ 2 );\"><div class=\"fusion-layout-column fusion_builder_column fusion-builder-column-2 fusion_builder_column_1_1 1_1 fusion-flex-column\" style=\"--awb-bg-size:cover;--awb-width-large:100%;--awb-margin-top-large:20px;--awb-spacing-right-large:1.92%;--awb-margin-bottom-large:20px;--awb-spacing-left-large:1.92%;--awb-width-medium:100%;--awb-order-medium:0;--awb-spacing-right-medium:1.92%;--awb-spacing-left-medium:1.92%;--awb-width-small:100%;--awb-order-small:0;--awb-spacing-right-small:1.92%;--awb-spacing-left-small:1.92%;\"><div class=\"fusion-column-wrapper fusion-column-has-shadow fusion-flex-justify-content-flex-start fusion-content-layout-column\"><div class=\"fusion-form-field fusion-form-text-field fusion-form-label-above\" style=\"\" data-form-id=\"3591\"><div class=\"fusion-form-label-wrapper\"><label for=\"Namn\">Namn <abbr class=\"fusion-form-element-required\" title=\"required\">*<\/abbr><\/label><\/div><input type=\"text\" autocomplete=\"off\"  data-empty-notice=\"Please fill out this field.\" name=\"Namn\" id=\"Namn\" value=\"\"  class=\"fusion-form-input\" required=\"true\" aria-required=\"true\" data-holds-private-data=\"false\" minlength=\"0\"\/><\/div><div class=\"fusion-form-field fusion-form-text-field fusion-form-label-above\" style=\"\" data-form-id=\"3591\"><div class=\"fusion-form-label-wrapper\"><label for=\"E-mail\">E-mail <abbr class=\"fusion-form-element-required\" title=\"required\">*<\/abbr><\/label><\/div><input type=\"text\" autocomplete=\"off\"  data-empty-notice=\"Please fill out this field.\" name=\"E-mail\" id=\"E-mail\" value=\"\"  class=\"fusion-form-input\" required=\"true\" aria-required=\"true\" data-holds-private-data=\"false\" minlength=\"0\"\/><\/div><div class=\"fusion-form-field fusion-form-text-field fusion-form-label-above\" style=\"\" data-form-id=\"3591\"><div class=\"fusion-form-label-wrapper\"><label for=\"Telefonnummer\">Telefonnummer<\/label><\/div><input type=\"text\" autocomplete=\"off\" name=\"Telefonnummer\" id=\"Telefonnummer\" value=\"\"  class=\"fusion-form-input\" data-holds-private-data=\"false\" minlength=\"0\"\/><\/div><div class=\"fusion-form-field fusion-form-textarea-field fusion-form-label-above\" style=\"\" data-form-id=\"3591\"><label for=\"ovrigt\">Meddelande<\/label><textarea cols=\"40\" autocomplete=\"off\"  minlength=\"0\"  rows=\"3\" tabindex=\"\" id=\"ovrigt\" name=\"ovrigt\" class=\"fusion-form-input\" data-holds-private-data=\"false\"><\/textarea><\/div><div class=\"fusion-form-field fusion-form-submit-field fusion-form-label-above\" style=\"\" data-form-id=\"3591\"><div style=\"text-align:left;\"><button type=\"submit\" class=\"fusion-button button-flat fusion-button-default-size button-custom fusion-button-default button-1 fusion-button-default-span  form-form-submit button-default\" style=\"--button_accent_color:var(--awb-color1);--button_accent_hover_color:var(--awb-color5);--button_border_hover_color:var(--awb-color3);--button_gradient_top_color:var(--awb-custom_color_1);--button_gradient_bottom_color:var(--awb-custom_color_1);--button_gradient_top_color_hover:var(--awb-color3);--button_gradient_bottom_color_hover:var(--awb-color3);\" data-form-number=\"3591\" tabindex=\"\"><span class=\"fusion-button-text awb-button__text awb-button__text--default\">Skicka<\/span><\/button><\/div><\/div><\/div><\/div><\/div><\/div><input type=\"hidden\" name=\"fusion_privacy_store_ip_ua\" value=\"false\"><input type=\"hidden\" name=\"fusion_privacy_expiration_interval\" value=\"48\"><input type=\"hidden\" name=\"privacy_expiration_action\" value=\"anonymize\"><input type=\"hidden\" name=\"trp-form-language\" value=\"sv\"\/><\/form><\/div><\/div><\/div><\/div><\/div><div class=\"fusion-fullwidth fullwidth-box fusion-builder-row-2 fusion-flex-container has-pattern-background has-mask-background engelska nonhundred-percent-fullwidth non-hundred-percent-height-scrolling\" style=\"--awb-border-radius-top-left:0px;--awb-border-radius-top-right:0px;--awb-border-radius-bottom-right:0px;--awb-border-radius-bottom-left:0px;--awb-padding-top:170px;--awb-padding-top-small:0px;--awb-flex-wrap:wrap;\" ><div class=\"fusion-builder-row fusion-row fusion-flex-align-items-flex-start fusion-flex-content-wrap\" style=\"max-width:1248px;margin-left: calc(-4% \/ 2 );margin-right: calc(-4% \/ 2 );\"><div class=\"fusion-layout-column fusion_builder_column fusion-builder-column-3 fusion_builder_column_1_2 1_2 fusion-flex-column\" style=\"--awb-bg-size:cover;--awb-width-large:50%;--awb-margin-top-large:20px;--awb-spacing-right-large:3.84%;--awb-margin-bottom-large:20px;--awb-spacing-left-large:3.84%;--awb-width-medium:100%;--awb-order-medium:0;--awb-spacing-right-medium:1.92%;--awb-spacing-left-medium:1.92%;--awb-width-small:100%;--awb-order-small:0;--awb-spacing-right-small:1.92%;--awb-margin-bottom-small:0px;--awb-spacing-left-small:1.92%;\"><div class=\"fusion-column-wrapper fusion-column-has-shadow fusion-flex-justify-content-flex-start fusion-content-layout-column\"><div class=\"fusion-text fusion-text-3\" style=\"--awb-text-color:var(--awb-color1);--awb-margin-right:5em;\"><h2 class=\"\" style=\"line-height: 0; font-size: 46px; letter-spacing: 0px; --fontsize: 46; color: var(--awb-custom_color_1);\" data-fusion-font=\"true\" data-fontsize=\"46\" data-lineheight=\"0px\">CONTACT<\/h2>\n<p style=\"color: var(--awb-custom_color_1);\">You can contact us any day of the year by email or through the form on the right.<\/p>\n<\/div><div class=\"fusion-text fusion-text-4\"><p><b><a style=\"color: var(--awb-custom_color_1);\" href=\"mailto:fishingguideinsweden@gmail.com\">fishingguideinsweden@gmail.com<\/a><\/b><\/p>\n<p><b><span style=\"color: var(--awb-custom_color_1);\">Fishingguide In Sweden<\/span><br \/>\n<\/b><span style=\"color: var(--awb-custom_color_1);\">Muoniovaara 20<\/span><br \/>\n<span style=\"color: var(--awb-custom_color_1);\">984 95 Muodoslompolo<\/span><br \/>\n<span style=\"color: var(--awb-custom_color_1);\">Sweden<\/span><\/p>\n<\/div><\/div><\/div><div class=\"fusion-layout-column fusion_builder_column fusion-builder-column-4 fusion_builder_column_1_2 1_2 fusion-flex-column\" style=\"--awb-bg-size:cover;--awb-width-large:50%;--awb-margin-top-large:20px;--awb-spacing-right-large:3.84%;--awb-margin-bottom-large:20px;--awb-spacing-left-large:3.84%;--awb-width-medium:100%;--awb-order-medium:0;--awb-spacing-right-medium:1.92%;--awb-spacing-left-medium:1.92%;--awb-width-small:100%;--awb-order-small:0;--awb-margin-top-small:0px;--awb-spacing-right-small:1.92%;--awb-spacing-left-small:1.92%;\"><div class=\"fusion-column-wrapper fusion-column-has-shadow fusion-flex-justify-content-flex-start fusion-content-layout-column\"><div class=\"fusion-form fusion-form-builder fusion-form-form-wrapper fusion-form-4391\" style=\"--awb-margin-top:0px;--awb-tooltip-text-color:#ffffff;--awb-tooltip-background-color:#333333;\" data-form-id=\"4391\" data-config=\"{&quot;form_id&quot;:&quot;4391&quot;,&quot;form_post_id&quot;:&quot;4391&quot;,&quot;post_id&quot;:4136,&quot;form_type&quot;:&quot;ajax&quot;,&quot;confirmation_type&quot;:&quot;message&quot;,&quot;redirect_url&quot;:&quot;&quot;,&quot;field_labels&quot;:{&quot;Name&quot;:&quot;Name&quot;,&quot;E-mail&quot;:&quot;E-mail&quot;,&quot;Phone&quot;:&quot;Phone&quot;,&quot;Message&quot;:&quot;Message&quot;},&quot;field_logics&quot;:{&quot;Name&quot;:&quot;&quot;,&quot;E-mail&quot;:&quot;&quot;,&quot;Phone&quot;:&quot;&quot;,&quot;Message&quot;:&quot;&quot;},&quot;field_types&quot;:{&quot;Name&quot;:&quot;text&quot;,&quot;E-mail&quot;:&quot;text&quot;,&quot;Phone&quot;:&quot;text&quot;,&quot;Message&quot;:&quot;textarea&quot;,&quot;submit_2&quot;:&quot;submit&quot;},&quot;nonce_method&quot;:&quot;ajax&quot;}\"><form action=\"https:\/\/fishingguideinsweden.com\/sv\/kontakt\/\" method=\"post\" class=\"fusion-form fusion-form-4391\" data-trp-original-action=\"https:\/\/fishingguideinsweden.com\/sv\/kontakt\/\"><div class=\"fusion-fullwidth fullwidth-box fusion-builder-row-2-1 fusion-flex-container has-pattern-background has-mask-background nonhundred-percent-fullwidth non-hundred-percent-height-scrolling\" style=\"--awb-border-radius-top-left:0px;--awb-border-radius-top-right:0px;--awb-border-radius-bottom-right:0px;--awb-border-radius-bottom-left:0px;--awb-flex-wrap:wrap;\" ><div class=\"fusion-builder-row fusion-row fusion-flex-align-items-flex-start fusion-flex-content-wrap\" style=\"width:104% !important;max-width:104% !important;margin-left: calc(-4% \/ 2 );margin-right: calc(-4% \/ 2 );\"><div class=\"fusion-layout-column fusion_builder_column fusion-builder-column-5 fusion_builder_column_1_1 1_1 fusion-flex-column\" style=\"--awb-bg-size:cover;--awb-width-large:100%;--awb-margin-top-large:20px;--awb-spacing-right-large:1.92%;--awb-margin-bottom-large:20px;--awb-spacing-left-large:1.92%;--awb-width-medium:100%;--awb-order-medium:0;--awb-spacing-right-medium:1.92%;--awb-spacing-left-medium:1.92%;--awb-width-small:100%;--awb-order-small:0;--awb-spacing-right-small:1.92%;--awb-spacing-left-small:1.92%;\"><div class=\"fusion-column-wrapper fusion-column-has-shadow fusion-flex-justify-content-flex-start fusion-content-layout-column\"><div class=\"fusion-form-field fusion-form-text-field fusion-form-label-above\" style=\"\" data-form-id=\"4391\"><div class=\"fusion-form-label-wrapper\"><label for=\"Name\">Name <abbr class=\"fusion-form-element-required\" title=\"required\">*<\/abbr><\/label><\/div><input type=\"text\" autocomplete=\"off\"  data-empty-notice=\"Please fill out this field.\" name=\"Name\" id=\"Name\" value=\"\"  class=\"fusion-form-input\" required=\"true\" aria-required=\"true\" data-holds-private-data=\"false\" minlength=\"0\"\/><\/div><div class=\"fusion-form-field fusion-form-text-field fusion-form-label-above\" style=\"\" data-form-id=\"4391\"><div class=\"fusion-form-label-wrapper\"><label for=\"E-mail\">E-mail <abbr class=\"fusion-form-element-required\" title=\"required\">*<\/abbr><\/label><\/div><input type=\"text\" autocomplete=\"off\"  data-empty-notice=\"Please fill out this field.\" name=\"E-mail\" id=\"E-mail\" value=\"\"  class=\"fusion-form-input\" required=\"true\" aria-required=\"true\" data-holds-private-data=\"false\" minlength=\"0\"\/><\/div><div class=\"fusion-form-field fusion-form-text-field fusion-form-label-above\" style=\"\" data-form-id=\"4391\"><div class=\"fusion-form-label-wrapper\"><label for=\"Phone\">Phone<\/label><\/div><input type=\"text\" autocomplete=\"off\" name=\"Phone\" id=\"Phone\" value=\"\"  class=\"fusion-form-input\" data-holds-private-data=\"false\" minlength=\"0\"\/><\/div><div class=\"fusion-form-field fusion-form-textarea-field fusion-form-label-above\" style=\"\" data-form-id=\"4391\"><label for=\"Message\">Message<\/label><textarea cols=\"40\" autocomplete=\"off\"  minlength=\"0\"  rows=\"3\" tabindex=\"\" id=\"Message\" name=\"Message\" class=\"fusion-form-input\" data-holds-private-data=\"false\"><\/textarea><\/div><div class=\"fusion-form-field fusion-form-submit-field fusion-form-label-above\" style=\"\" data-form-id=\"4391\"><div style=\"text-align:left;\"><button type=\"submit\" class=\"fusion-button button-flat fusion-button-default-size button-custom fusion-button-default button-2 fusion-button-default-span  form-form-submit button-default\" style=\"--button_accent_color:var(--awb-color1);--button_accent_hover_color:var(--awb-color5);--button_border_hover_color:var(--awb-color3);--button_gradient_top_color:var(--awb-custom_color_1);--button_gradient_bottom_color:var(--awb-custom_color_1);--button_gradient_top_color_hover:var(--awb-color3);--button_gradient_bottom_color_hover:var(--awb-color3);\" data-form-number=\"4391\" tabindex=\"\"><span class=\"fusion-button-text awb-button__text awb-button__text--default\">Send<\/span><\/button><\/div><\/div><\/div><\/div><\/div><\/div><input type=\"hidden\" name=\"fusion_privacy_store_ip_ua\" value=\"false\"><input type=\"hidden\" name=\"fusion_privacy_expiration_interval\" value=\"48\"><input type=\"hidden\" name=\"privacy_expiration_action\" value=\"anonymize\"><input type=\"hidden\" name=\"trp-form-language\" value=\"sv\"\/><\/form><\/div><\/div><\/div><\/div><\/div><\/p>","protected":false},"excerpt":{"rendered":"","protected":false},"author":1,"featured_media":0,"parent":0,"menu_order":0,"comment_status":"closed","ping_status":"closed","template":"","meta":{"_acf_changed":false,"footnotes":""},"post_tag_en":[],"class_list":["post-4136","page","type-page","status-publish","hentry"],"acf":[],"_links":{"self":[{"href":"https:\/\/fishingguideinsweden.com\/sv\/wp-json\/wp\/v2\/pages\/4136","targetHints":{"allow":["GET"]}}],"collection":[{"href":"https:\/\/fishingguideinsweden.com\/sv\/wp-json\/wp\/v2\/pages"}],"about":[{"href":"https:\/\/fishingguideinsweden.com\/sv\/wp-json\/wp\/v2\/types\/page"}],"author":[{"embeddable":true,"href":"https:\/\/fishingguideinsweden.com\/sv\/wp-json\/wp\/v2\/users\/1"}],"replies":[{"embeddable":true,"href":"https:\/\/fishingguideinsweden.com\/sv\/wp-json\/wp\/v2\/comments?post=4136"}],"version-history":[{"count":0,"href":"https:\/\/fishingguideinsweden.com\/sv\/wp-json\/wp\/v2\/pages\/4136\/revisions"}],"wp:attachment":[{"href":"https:\/\/fishingguideinsweden.com\/sv\/wp-json\/wp\/v2\/media?parent=4136"}],"wp:term":[{"taxonomy":"post_tag_en","embeddable":true,"href":"https:\/\/fishingguideinsweden.com\/sv\/wp-json\/wp\/v2\/post_tag_en?post=4136"}],"curies":[{"name":"wp","href":"https:\/\/api.w.org\/{rel}","templated":true}]}}