{"id":4099,"date":"2025-10-18T11:04:00","date_gmt":"2025-10-18T11:04:00","guid":{"rendered":"https:\/\/fishingguideinsweden.com\/?page_id=4099"},"modified":"2025-10-28T15:23:57","modified_gmt":"2025-10-28T15:23:57","slug":"utbildningar","status":"publish","type":"page","link":"https:\/\/fishingguideinsweden.com\/sv\/utbildningar\/","title":{"rendered":"Utbildningar"},"content":{"rendered":"<p><div class=\"fusion-fullwidth fullwidth-box fusion-builder-row-1 fusion-flex-container has-pattern-background has-mask-background svenska nonhundred-percent-fullwidth non-hundred-percent-height-scrolling\" style=\"--awb-border-radius-top-left:0px;--awb-border-radius-top-right:0px;--awb-border-radius-bottom-right:0px;--awb-border-radius-bottom-left:0px;--awb-margin-top:187px;--awb-flex-wrap:wrap;\" ><div class=\"fusion-builder-row fusion-row fusion-flex-align-items-center fusion-flex-justify-content-center fusion-flex-content-wrap\" style=\"max-width:1248px;margin-left: calc(-4% \/ 2 );margin-right: calc(-4% \/ 2 );\"><div class=\"fusion-layout-column fusion_builder_column fusion-builder-column-0 fusion_builder_column_3_5 3_5 fusion-flex-column\" style=\"--awb-bg-size:cover;--awb-width-large:60%;--awb-margin-top-large:20px;--awb-spacing-right-large:3.2%;--awb-margin-bottom-large:20px;--awb-spacing-left-large:3.2%;--awb-width-medium:100%;--awb-order-medium:0;--awb-spacing-right-medium:1.92%;--awb-spacing-left-medium:1.92%;--awb-width-small:100%;--awb-order-small:0;--awb-spacing-right-small:1.92%;--awb-spacing-left-small:1.92%;\"><div class=\"fusion-column-wrapper fusion-column-has-shadow fusion-flex-justify-content-flex-start fusion-content-layout-column\"><div class=\"fusion-text fusion-text-1\"><p><strong><span class=\"wysiwyg-font-size-12\"><span class=\"wysiwyg-color\">H\u00e4r hittar ni de Fiskeguide och Fisketurism skolorna som vi rekomenderar och har samarbete med i landet.<\/span><\/span><\/strong><\/p>\n<p><span class=\"wysiwyg-font-size-12\"><span class=\"wysiwyg-color\">M\u00e5nga av eleverna som g\u00e5tt p\u00e5 dessa skolorna och utbildningarna som de erbjuder f\u00e5r erbjudanden och jobbar idag inom branschen med olika inriktningar som Fiskeguider, Instrukt\u00f6rer, Fiskev\u00e5rdare, Projektledare, Fiskejournalister och i fiskebutiker i hela landet.<\/span><\/span><\/p>\n<p><span class=\"wysiwyg-font-size-12\"><span class=\"wysiwyg-color\"><i>Klicka p\u00e5 den skola du vill l\u00e4sa mer om.<\/i><\/span><\/span><\/p>\n<\/div><\/div><\/div><\/div><\/div><div class=\"fusion-fullwidth fullwidth-box fusion-builder-row-2 fusion-flex-container has-pattern-background has-mask-background engelska nonhundred-percent-fullwidth non-hundred-percent-height-scrolling\" style=\"--awb-border-radius-top-left:0px;--awb-border-radius-top-right:0px;--awb-border-radius-bottom-right:0px;--awb-border-radius-bottom-left:0px;--awb-margin-top:187px;--awb-margin-top-small:0px;--awb-flex-wrap:wrap;\" ><div class=\"fusion-builder-row fusion-row fusion-flex-align-items-center fusion-flex-justify-content-center fusion-flex-content-wrap\" style=\"max-width:1248px;margin-left: calc(-4% \/ 2 );margin-right: calc(-4% \/ 2 );\"><div class=\"fusion-layout-column fusion_builder_column fusion-builder-column-1 fusion_builder_column_3_5 3_5 fusion-flex-column\" style=\"--awb-bg-size:cover;--awb-width-large:60%;--awb-margin-top-large:20px;--awb-spacing-right-large:3.2%;--awb-margin-bottom-large:20px;--awb-spacing-left-large:3.2%;--awb-width-medium:100%;--awb-order-medium:0;--awb-spacing-right-medium:1.92%;--awb-spacing-left-medium:1.92%;--awb-width-small:100%;--awb-order-small:0;--awb-spacing-right-small:1.92%;--awb-spacing-left-small:1.92%;\"><div class=\"fusion-column-wrapper fusion-column-has-shadow fusion-flex-justify-content-flex-start fusion-content-layout-column\"><div class=\"fusion-text fusion-text-2\"><p><b>Here you\u2019ll find the fishing guide and fishing tourism schools that we recommend and collaborate with in Sweden.<\/b><\/p>\n<p>Many of the students who have attended these schools and the programmes they offer receive job opportunities and now work in the industry in various roles, such as fishing guides, instructors, fisheries conservation staff, project managers, fishing journalists, and in tackle shops across the country.<\/p>\n<p><i>Click on the school you want to read more about.<\/i><\/p>\n<\/div><\/div><\/div><\/div><\/div><div class=\"fusion-fullwidth fullwidth-box fusion-builder-row-3 fusion-flex-container has-pattern-background has-mask-background nonhundred-percent-fullwidth non-hundred-percent-height-scrolling\" style=\"--awb-border-radius-top-left:0px;--awb-border-radius-top-right:0px;--awb-border-radius-bottom-right:0px;--awb-border-radius-bottom-left:0px;--awb-flex-wrap:wrap;\" ><div class=\"fusion-builder-row fusion-row fusion-flex-align-items-center fusion-flex-justify-content-center fusion-flex-content-wrap\" style=\"max-width:1248px;margin-left: calc(-4% \/ 2 );margin-right: calc(-4% \/ 2 );\"><div class=\"fusion-layout-column fusion_builder_column fusion-builder-column-2 fusion_builder_column_1_3 1_3 fusion-flex-column fusion-flex-align-self-center\" style=\"--awb-bg-size:cover;--awb-width-large:33.333333333333%;--awb-margin-top-large:20px;--awb-spacing-right-large:5.76%;--awb-margin-bottom-large:20px;--awb-spacing-left-large:5.76%;--awb-width-medium:100%;--awb-order-medium:0;--awb-spacing-right-medium:1.92%;--awb-spacing-left-medium:1.92%;--awb-width-small:100%;--awb-order-small:0;--awb-spacing-right-small:1.92%;--awb-spacing-left-small:1.92%;\"><div class=\"fusion-column-wrapper fusion-column-has-shadow fusion-flex-justify-content-center fusion-content-layout-column\"><div class=\"fusion-image-element\" style=\"text-align:center;--awb-max-width:150px;--awb-caption-title-font-family:var(--h2_typography-font-family);--awb-caption-title-font-weight:var(--h2_typography-font-weight);--awb-caption-title-font-style:var(--h2_typography-font-style);--awb-caption-title-size:var(--h2_typography-font-size);--awb-caption-title-transform:var(--h2_typography-text-transform);--awb-caption-title-line-height:var(--h2_typography-line-height);--awb-caption-title-letter-spacing:var(--h2_typography-letter-spacing);\"><span class=\"fusion-imageframe imageframe-none imageframe-1 hover-type-none\"><a class=\"fusion-no-lightbox\" href=\"https:\/\/fishingguideinsweden.com\/sv\/utbildningar\/kiruna-fishing-school\/\" target=\"_self\"><img decoding=\"async\" width=\"508\" height=\"900\" src=\"https:\/\/fishingguideinsweden.com\/wp-content\/uploads\/2025\/08\/KFS_Logotyp_WEB.png\" data-orig-src=\"https:\/\/fishingguideinsweden.com\/wp-content\/uploads\/2025\/08\/KFS_Logotyp_WEB.png\" alt class=\"lazyload img-responsive wp-image-3264\" srcset=\"data:image\/svg+xml,%3Csvg%20xmlns%3D%27http%3A%2F%2Fwww.w3.org%2F2000%2Fsvg%27%20width%3D%27508%27%20height%3D%27900%27%20viewBox%3D%270%200%20508%20900%27%3E%3Crect%20width%3D%27508%27%20height%3D%27900%27%20fill-opacity%3D%220%22%2F%3E%3C%2Fsvg%3E\" data-srcset=\"https:\/\/fishingguideinsweden.com\/wp-content\/uploads\/2025\/08\/KFS_Logotyp_WEB-200x354.png 200w, https:\/\/fishingguideinsweden.com\/wp-content\/uploads\/2025\/08\/KFS_Logotyp_WEB-400x709.png 400w, https:\/\/fishingguideinsweden.com\/wp-content\/uploads\/2025\/08\/KFS_Logotyp_WEB.png 508w\" data-sizes=\"auto\" data-orig-sizes=\"(max-width: 900px) 100vw, (max-width: 640px) 100vw, 400px\" \/><\/a><\/span><\/div><\/div><\/div><div class=\"fusion-layout-column fusion_builder_column fusion-builder-column-3 fusion_builder_column_1_3 1_3 fusion-flex-column fusion-flex-align-self-center\" style=\"--awb-bg-size:cover;--awb-width-large:33.333333333333%;--awb-margin-top-large:20px;--awb-spacing-right-large:5.76%;--awb-margin-bottom-large:20px;--awb-spacing-left-large:5.76%;--awb-width-medium:100%;--awb-order-medium:0;--awb-spacing-right-medium:1.92%;--awb-spacing-left-medium:1.92%;--awb-width-small:100%;--awb-order-small:0;--awb-margin-top-small:46px;--awb-spacing-right-small:1.92%;--awb-margin-bottom-small:42px;--awb-spacing-left-small:1.92%;\"><div class=\"fusion-column-wrapper fusion-column-has-shadow fusion-flex-justify-content-center fusion-content-layout-column\"><div class=\"fusion-image-element\" style=\"text-align:center;--awb-max-width:100%;--awb-caption-title-font-family:var(--h2_typography-font-family);--awb-caption-title-font-weight:var(--h2_typography-font-weight);--awb-caption-title-font-style:var(--h2_typography-font-style);--awb-caption-title-size:var(--h2_typography-font-size);--awb-caption-title-transform:var(--h2_typography-text-transform);--awb-caption-title-line-height:var(--h2_typography-line-height);--awb-caption-title-letter-spacing:var(--h2_typography-letter-spacing);\"><span class=\"fusion-imageframe imageframe-none imageframe-2 hover-type-none\"><a class=\"fusion-no-lightbox\" href=\"https:\/\/fishingguideinsweden.com\/sv\/utbildningar\/forshagaakademin\/\" target=\"_self\" aria-label=\"forshagaakademin_logo\"><img decoding=\"async\" width=\"266\" height=\"33\" src=\"https:\/\/fishingguideinsweden.com\/wp-content\/uploads\/2025\/10\/forshagaakademin_logo.png\" data-orig-src=\"https:\/\/fishingguideinsweden.com\/wp-content\/uploads\/2025\/10\/forshagaakademin_logo.png\" alt class=\"lazyload img-responsive wp-image-4442\" srcset=\"data:image\/svg+xml,%3Csvg%20xmlns%3D%27http%3A%2F%2Fwww.w3.org%2F2000%2Fsvg%27%20width%3D%27266%27%20height%3D%2733%27%20viewBox%3D%270%200%20266%2033%27%3E%3Crect%20width%3D%27266%27%20height%3D%2733%27%20fill-opacity%3D%220%22%2F%3E%3C%2Fsvg%3E\" data-srcset=\"https:\/\/fishingguideinsweden.com\/wp-content\/uploads\/2025\/10\/forshagaakademin_logo-200x25.png 200w, https:\/\/fishingguideinsweden.com\/wp-content\/uploads\/2025\/10\/forshagaakademin_logo.png 266w\" data-sizes=\"auto\" data-orig-sizes=\"(max-width: 900px) 100vw, (max-width: 640px) 100vw, 266px\" \/><\/a><\/span><\/div><\/div><\/div><div class=\"fusion-layout-column fusion_builder_column fusion-builder-column-4 fusion_builder_column_1_3 1_3 fusion-flex-column fusion-flex-align-self-center\" style=\"--awb-bg-size:cover;--awb-width-large:33.333333333333%;--awb-margin-top-large:20px;--awb-spacing-right-large:5.76%;--awb-margin-bottom-large:20px;--awb-spacing-left-large:5.76%;--awb-width-medium:100%;--awb-order-medium:0;--awb-spacing-right-medium:1.92%;--awb-spacing-left-medium:1.92%;--awb-width-small:100%;--awb-order-small:0;--awb-spacing-right-small:1.92%;--awb-spacing-left-small:1.92%;\"><div class=\"fusion-column-wrapper fusion-column-has-shadow fusion-flex-justify-content-center fusion-content-layout-column\"><div class=\"fusion-image-element\" style=\"text-align:center;--awb-max-width:100%;--awb-caption-title-font-family:var(--h2_typography-font-family);--awb-caption-title-font-weight:var(--h2_typography-font-weight);--awb-caption-title-font-style:var(--h2_typography-font-style);--awb-caption-title-size:var(--h2_typography-font-size);--awb-caption-title-transform:var(--h2_typography-text-transform);--awb-caption-title-line-height:var(--h2_typography-line-height);--awb-caption-title-letter-spacing:var(--h2_typography-letter-spacing);\"><span class=\"fusion-imageframe imageframe-none imageframe-3 hover-type-none\"><a class=\"fusion-no-lightbox\" href=\"https:\/\/fishingguideinsweden.com\/sv\/utbildningar\/fiskegymnasiet-i-alvdalen\/\" target=\"_self\" aria-label=\"AUC_gronsvart\"><img decoding=\"async\" width=\"291\" height=\"63\" src=\"data:image\/svg+xml,%3Csvg%20xmlns%3D%27http%3A%2F%2Fwww.w3.org%2F2000%2Fsvg%27%20width%3D%27291%27%20height%3D%2763%27%20viewBox%3D%270%200%20291%2063%27%3E%3Crect%20width%3D%27291%27%20height%3D%2763%27%20fill-opacity%3D%220%22%2F%3E%3C%2Fsvg%3E\" data-orig-src=\"https:\/\/fishingguideinsweden.com\/wp-content\/uploads\/2025\/10\/AUC_gronsvart.svg\" alt class=\"lazyload img-responsive wp-image-4441\"\/><\/a><\/span><\/div><\/div><\/div><\/div><\/div><\/p>","protected":false},"excerpt":{"rendered":"","protected":false},"author":1,"featured_media":0,"parent":0,"menu_order":0,"comment_status":"closed","ping_status":"closed","template":"","meta":{"_acf_changed":false,"footnotes":""},"post_tag_en":[],"class_list":["post-4099","page","type-page","status-publish","hentry"],"acf":[],"_links":{"self":[{"href":"https:\/\/fishingguideinsweden.com\/sv\/wp-json\/wp\/v2\/pages\/4099","targetHints":{"allow":["GET"]}}],"collection":[{"href":"https:\/\/fishingguideinsweden.com\/sv\/wp-json\/wp\/v2\/pages"}],"about":[{"href":"https:\/\/fishingguideinsweden.com\/sv\/wp-json\/wp\/v2\/types\/page"}],"author":[{"embeddable":true,"href":"https:\/\/fishingguideinsweden.com\/sv\/wp-json\/wp\/v2\/users\/1"}],"replies":[{"embeddable":true,"href":"https:\/\/fishingguideinsweden.com\/sv\/wp-json\/wp\/v2\/comments?post=4099"}],"version-history":[{"count":0,"href":"https:\/\/fishingguideinsweden.com\/sv\/wp-json\/wp\/v2\/pages\/4099\/revisions"}],"wp:attachment":[{"href":"https:\/\/fishingguideinsweden.com\/sv\/wp-json\/wp\/v2\/media?parent=4099"}],"wp:term":[{"taxonomy":"post_tag_en","embeddable":true,"href":"https:\/\/fishingguideinsweden.com\/sv\/wp-json\/wp\/v2\/post_tag_en?post=4099"}],"curies":[{"name":"wp","href":"https:\/\/api.w.org\/{rel}","templated":true}]}}